{"id":726,"date":"2016-11-11T16:17:22","date_gmt":"2016-11-11T15:17:22","guid":{"rendered":"http:\/\/www.pulpmaster.de\/wp\/?page_id=726"},"modified":"2016-11-25T15:02:12","modified_gmt":"2016-11-25T14:02:12","slug":"rezensionen-drive-in","status":"publish","type":"page","link":"https:\/\/www.pulpmaster.de\/wp\/rezensionen-drive-in\/","title":{"rendered":"Rezensionen &#8211; Drive-In"},"content":{"rendered":"<blockquote><p>Filme wie From Dusk til Dawn sind ein mickriger Witz gegen dieses B-Movie. Der Autor kommt wie das beste seines Genres aus Texas. In seinen Geschichten vermischt sich Horror, Western, Science-fiction und Crime zum Alptraum von small town america. <cite>-Cosmopolitan<\/cite><\/p><\/blockquote>\n<blockquote><p>Bei allem Respekt vor dem anschaulichen Darstellungsverm\u00f6gen des Autor, dieser phantastische H\u00f6llentrip ist allenfalls f\u00fcr Erwachsene geeignet.<br \/>\n<cite>-Einkaufzentrale Bibliotheken<\/cite><\/p><\/blockquote>\n<blockquote><p>Lansdale erweist sich in diesem Horrorszenario als meisterhafter Stilist, der mit einer \u00fcbersch\u00e4umenden Phantasie die Leser stets mit neuen Wendungen im Handlungsverlauf und neuen Schrecken konfrontiert und sie auf eine literaische Tour de force verschleppt, die zu einer Sekunde Langeweile aufkommen l\u00e4\u00dft.<cite> -Space Sci-fi Magazin<\/cite><\/p><\/blockquote>\n<blockquote><p>W\u00fcste Orgien, wilde Abschlachtereien und nackter Kannibalismus pr\u00e4gen Lansdales b\u00f6ses Endzeit-Szenario. Die krude Geschichte besticht durch beeindruckende, suggestive Erz\u00e4hlkunst, ist aber definitiv nichts f\u00fcr zart besaitete Leser. <cite>-Facts, Schweiz<\/cite><\/p><\/blockquote>\n<blockquote><p>So sieht also der Weltuntergang aus: Er beginnt in einem texanischen Autokino, er ist sehr eklig, aber auch sehr komisch.<cite>-Prinz<\/cite><\/p><\/blockquote>\n<blockquote><p>&#8222;Drive In&#8220; ist gleichzeitig Liebeserkl\u00e4rung und Parodie auf das Horror-Genre.<cite>-OX<\/cite><\/p><\/blockquote>\n","protected":false},"excerpt":{"rendered":"<p>Filme wie From Dusk til Dawn sind ein mickriger Witz gegen dieses B-Movie. Der Autor kommt wie das beste seines Genres aus Texas.&hellip;<\/p>\n","protected":false},"author":3,"featured_media":174,"parent":0,"menu_order":0,"comment_status":"closed","ping_status":"closed","template":"","meta":{"jetpack_post_was_ever_published":false},"aioseo_notices":[],"jetpack_sharing_enabled":true,"jetpack_shortlink":"https:\/\/wp.me\/P85aNz-bI","_links":{"self":[{"href":"https:\/\/www.pulpmaster.de\/wp\/wp-json\/wp\/v2\/pages\/726"}],"collection":[{"href":"https:\/\/www.pulpmaster.de\/wp\/wp-json\/wp\/v2\/pages"}],"about":[{"href":"https:\/\/www.pulpmaster.de\/wp\/wp-json\/wp\/v2\/types\/page"}],"author":[{"embeddable":true,"href":"https:\/\/www.pulpmaster.de\/wp\/wp-json\/wp\/v2\/users\/3"}],"replies":[{"embeddable":true,"href":"https:\/\/www.pulpmaster.de\/wp\/wp-json\/wp\/v2\/comments?post=726"}],"version-history":[{"count":7,"href":"https:\/\/www.pulpmaster.de\/wp\/wp-json\/wp\/v2\/pages\/726\/revisions"}],"predecessor-version":[{"id":1060,"href":"https:\/\/www.pulpmaster.de\/wp\/wp-json\/wp\/v2\/pages\/726\/revisions\/1060"}],"wp:featuredmedia":[{"embeddable":true,"href":"https:\/\/www.pulpmaster.de\/wp\/wp-json\/wp\/v2\/media\/174"}],"wp:attachment":[{"href":"https:\/\/www.pulpmaster.de\/wp\/wp-json\/wp\/v2\/media?parent=726"}],"curies":[{"name":"wp","href":"https:\/\/api.w.org\/{rel}","templated":true}]}}