{"id":718,"date":"2016-11-14T14:55:43","date_gmt":"2016-11-14T13:55:43","guid":{"rendered":"http:\/\/www.pulpmaster.de\/wp\/?page_id=718"},"modified":"2016-11-23T13:35:14","modified_gmt":"2016-11-23T12:35:14","slug":"rezensionen-roter-nebel","status":"publish","type":"page","link":"https:\/\/www.pulpmaster.de\/wp\/rezensionen-roter-nebel\/","title":{"rendered":"Rezensionen &#8211; Roter Nebel"},"content":{"rendered":"<blockquote><p>Ein schonungsloser Einblick in eine unappetitliche, brutale und desillusionierende Welt, dessen Sprache alles genau widerspiegelt. F\u00fcr Liebhaber von Hardboiled-Krimis.<br \/>\n<cite>-Einkaufzentrale Bibliotheken<\/cite><\/p><\/blockquote>\n<blockquote><p>Roter Nebel ist ein d\u00fcsterer Roman noir, der auf jede \u00fcberfl\u00fcssige \u00c4sthetisierung verzichtet und von einer traurigen Welt erz\u00e4hlt, in der Gangster, Polizisten und \u00dcberlebensk\u00e4mpfer gezwungen sind, immer wieder die gleiche beschissene Gewaltnummer abzuziehen. <cite>-Szene Hamburg<\/cite><\/p><\/blockquote>\n<blockquote><p>Eine Unappetitlichkeit jagt die n\u00e4chste, K\u00f6rperteile und vor allem \u2013fl\u00fcssikeiten spritzen nur so durch die Gegend. Da mu\u00df der Leser durch, denn die Story ist spannend. Vor allem die Dialoge haben einen subversiven Charme und zeugen von der Schlagfertigkeit der Londoner Romangangsterschaft.<cite>-Tip-Magazin, Berlin<\/cite><\/p><\/blockquote>\n<blockquote><p>Ein schonungsloser Einblick in eine unappetitliche, brutale und desillusionierende Welt, dessen Sprache genau das widerspiegelt.<br \/>\n<cite>-ekz-Informationsdienst<\/cite><\/p><\/blockquote>\n<blockquote><p>Derek Raymond ist das britische Gegenst\u00fcck zu James Ellroy. Seine Polizisten morden genauso unger\u00fchrt wie Ellroys Psychopathen aus dem LAPD.<br \/>\n<cite>-Lexikon der Kriminalliteratur<\/cite><\/p><\/blockquote>\n<blockquote><p>Der mitleidlos-melancholische Ton hebt sich von der \u00fcblichen Genre-Stimmung grunds\u00e4tzlich ab. Derek Raymonds bewegtes Leben, auch gepr\u00e4gt von seiner Zeit als Journalist, spiegelt sich in diesem d\u00fcsteren Abgesang. <cite>-N\u00fcrnberger Nachrichten<\/cite><\/p><\/blockquote>\n","protected":false},"excerpt":{"rendered":"<p>Ein schonungsloser Einblick in eine unappetitliche, brutale und desillusionierende Welt, dessen Sprache alles genau widerspiegelt. F\u00fcr Liebhaber von Hardboiled-Krimis. -Einkaufzentrale Bibliotheken Roter Nebel&hellip;<\/p>\n","protected":false},"author":4,"featured_media":174,"parent":0,"menu_order":0,"comment_status":"closed","ping_status":"closed","template":"","meta":{"jetpack_post_was_ever_published":false},"aioseo_notices":[],"jetpack_sharing_enabled":true,"jetpack_shortlink":"https:\/\/wp.me\/P85aNz-bA","_links":{"self":[{"href":"https:\/\/www.pulpmaster.de\/wp\/wp-json\/wp\/v2\/pages\/718"}],"collection":[{"href":"https:\/\/www.pulpmaster.de\/wp\/wp-json\/wp\/v2\/pages"}],"about":[{"href":"https:\/\/www.pulpmaster.de\/wp\/wp-json\/wp\/v2\/types\/page"}],"author":[{"embeddable":true,"href":"https:\/\/www.pulpmaster.de\/wp\/wp-json\/wp\/v2\/users\/4"}],"replies":[{"embeddable":true,"href":"https:\/\/www.pulpmaster.de\/wp\/wp-json\/wp\/v2\/comments?post=718"}],"version-history":[{"count":5,"href":"https:\/\/www.pulpmaster.de\/wp\/wp-json\/wp\/v2\/pages\/718\/revisions"}],"predecessor-version":[{"id":1208,"href":"https:\/\/www.pulpmaster.de\/wp\/wp-json\/wp\/v2\/pages\/718\/revisions\/1208"}],"wp:featuredmedia":[{"embeddable":true,"href":"https:\/\/www.pulpmaster.de\/wp\/wp-json\/wp\/v2\/media\/174"}],"wp:attachment":[{"href":"https:\/\/www.pulpmaster.de\/wp\/wp-json\/wp\/v2\/media?parent=718"}],"curies":[{"name":"wp","href":"https:\/\/api.w.org\/{rel}","templated":true}]}}