{"id":669,"date":"2016-11-26T18:36:51","date_gmt":"2016-11-26T17:36:51","guid":{"rendered":"http:\/\/www.pulpmaster.de\/wp\/?page_id=669"},"modified":"2019-02-05T11:04:47","modified_gmt":"2019-02-05T10:04:47","slug":"interviews-portraits","status":"publish","type":"page","link":"https:\/\/www.pulpmaster.de\/wp\/interviews-portraits\/","title":{"rendered":"Interviews &#038; Portraits"},"content":{"rendered":"<p class=\"spots\"><a class=\"\" href=\"http:\/\/www.freitag.de\/autoren\/der-freitag\/mit-herz-gegen-die-profis\" target=\"_blank\" rel=\"noopener noreferrer\">Thekla Dannenberg portr\u00e4tiert\u00a0f\u00fcr den Freitag\u00a0<\/a><\/p>\n<p class=\"spots\"><a class=\"\" href=\"http:\/\/www.evolver.at\/stories\/Pulpmaster_Frank_Nowatzki_Interview\/\" target=\"_blank\" rel=\"noopener noreferrer\">Martin Compart interviewt f\u00fcr den Evolver<\/a><\/p>\n<p class=\"spots\"><a href=\"http:\/\/www.faz.net\/s\/RubBE163169B4324E24BA92AAEB5BDEF0DA\/Doc%7EEF545062DA6F5433CADF5C072373AF19D%7EATpl%7EEcommon%7EScontent.html\" target=\"_blank\" rel=\"noopener noreferrer\">Das FAZ Portrait von Hannes Hintermeier.<\/a><\/p>\n<p><a href=\"http:\/\/www.dradio.de\/dkultur\/sendungen\/profil\/1529371\/\" target=\"_blank\" rel=\"noopener noreferrer\">Zum D-radio Portrait\u00a0<\/a> &#8230;<\/p>\n<p><img loading=\"lazy\" class=\"alignleft size-medium wp-image-177\" src=\"http:\/\/www.pulpmaster.de\/wp\/wp-content\/uploads\/2016\/09\/Tatooman-front-110x300.jpg\" alt=\"tatooman-front\" width=\"110\" height=\"300\" srcset=\"https:\/\/www.pulpmaster.de\/wp\/wp-content\/uploads\/2016\/09\/Tatooman-front-110x300.jpg 110w, https:\/\/www.pulpmaster.de\/wp\/wp-content\/uploads\/2016\/09\/Tatooman-front.jpg 261w\" sizes=\"(max-width: 110px) 100vw, 110px\" \/><\/p>\n<p><img loading=\"lazy\" class=\"alignleft size-medium wp-image-176\" src=\"http:\/\/www.pulpmaster.de\/wp\/wp-content\/uploads\/2016\/09\/tatooman-back-105x300.jpg\" alt=\"tatooman-back\" width=\"105\" height=\"300\" srcset=\"https:\/\/www.pulpmaster.de\/wp\/wp-content\/uploads\/2016\/09\/tatooman-back-105x300.jpg 105w, https:\/\/www.pulpmaster.de\/wp\/wp-content\/uploads\/2016\/09\/tatooman-back.jpg 249w\" sizes=\"(max-width: 105px) 100vw, 105px\" \/><\/p>\n<p><a href=\"http:\/\/www.krimi-couch.de\/krimis\/interview-mit-frank-nowatzki.html\" target=\"_blank\" rel=\"noopener noreferrer\">zum Krimi-Couch-Interview &#8230;<\/a><\/p>\n<p><a href=\"http:\/\/www.ox-fanzine.de\/web\/itv\/2261\/interviews.212.html\" target=\"_blank\" rel=\"noopener noreferrer\">Zum Interview im OX &#8230;<\/a><\/p>\n<p><a class=\"\" href=\"http:\/\/krimikulturarchiv.wordpress.com\/2009\/12\/22\/ein-gesprach-mit-frank-nowatzki\/\" target=\"_blank\" rel=\"noopener noreferrer\">Krimikultur bittet zum Gespr\u00e4ch &#8230;<\/a><\/p>\n<p class=\"spots\">Was zum Henker ist eigentlich Pulp?<\/p>\n<p><a href=\"http:\/\/www.welt.de\/kultur\/literarischewelt\/article110498092\/Was-zum-Henker-ist-eigentlich-Pulp.html\" target=\"_blank\" rel=\"noopener noreferrer\">die Analyse in der literarischen Welt &#8230;<\/a><\/p>\n<p><a href=\"https:\/\/mediathek.rbb-online.de\/radio\/Kulturradio-am-Morgen\/Frank-Nowatzki-Verleger\/kulturradio\/Audio?bcastId=9839110&amp;documentId=54534030\" target=\"_blank\" rel=\"noopener\">30 Jahre sind rum. Kulturradio portr\u00e4tiert &#8230;<\/a><\/p>\n<p><a href=\"http:\/\/www.pulpmaster.de\/wp\/wp-content\/uploads\/2019\/02\/BBL_2019_04_048-049-Portra%CC%88t-Nowatzki-2Sp.pdf\" target=\"_blank\" rel=\"noopener\">Das Portr\u00e4t im B\u00f6rsenblatt von Nils Kahlefendt<\/a><\/p>\n<p>&nbsp;<\/p>\n<p>&nbsp;<\/p>\n<p><img loading=\"lazy\" class=\"alignleft size-medium wp-image-1583\" src=\"http:\/\/www.pulpmaster.de\/wp\/wp-content\/uploads\/2016\/10\/frankfinal-16-300x200.jpg\" alt=\"\" width=\"300\" height=\"200\" srcset=\"https:\/\/www.pulpmaster.de\/wp\/wp-content\/uploads\/2016\/10\/frankfinal-16-300x200.jpg 300w, https:\/\/www.pulpmaster.de\/wp\/wp-content\/uploads\/2016\/10\/frankfinal-16-768x512.jpg 768w, https:\/\/www.pulpmaster.de\/wp\/wp-content\/uploads\/2016\/10\/frankfinal-16-1024x683.jpg 1024w, https:\/\/www.pulpmaster.de\/wp\/wp-content\/uploads\/2016\/10\/frankfinal-16.jpg 2048w\" sizes=\"(max-width: 300px) 100vw, 300px\" \/><\/p>\n<p class=\"spots\">Alle verf\u00fcgbaren Titel k\u00f6nnen nat\u00fcrlich direkt bei uns bestellt werden. Versandkostenfrei! Einfach anfragen, wir pr\u00fcfen auch bei vergriffenen Titeln, ob es noch Restexemplare vorhanden sind.<\/p>\n","protected":false},"excerpt":{"rendered":"<p>Thekla Dannenberg portr\u00e4tiert\u00a0f\u00fcr den Freitag\u00a0 Martin Compart interviewt f\u00fcr den Evolver Das FAZ Portrait von Hannes Hintermeier. Zum D-radio Portrait\u00a0 &#8230; zum Krimi-Couch-Interview&hellip;<\/p>\n","protected":false},"author":4,"featured_media":1598,"parent":0,"menu_order":0,"comment_status":"closed","ping_status":"closed","template":"","meta":{"jetpack_post_was_ever_published":false},"aioseo_notices":[],"jetpack_sharing_enabled":true,"jetpack_shortlink":"https:\/\/wp.me\/P85aNz-aN","_links":{"self":[{"href":"https:\/\/www.pulpmaster.de\/wp\/wp-json\/wp\/v2\/pages\/669"}],"collection":[{"href":"https:\/\/www.pulpmaster.de\/wp\/wp-json\/wp\/v2\/pages"}],"about":[{"href":"https:\/\/www.pulpmaster.de\/wp\/wp-json\/wp\/v2\/types\/page"}],"author":[{"embeddable":true,"href":"https:\/\/www.pulpmaster.de\/wp\/wp-json\/wp\/v2\/users\/4"}],"replies":[{"embeddable":true,"href":"https:\/\/www.pulpmaster.de\/wp\/wp-json\/wp\/v2\/comments?post=669"}],"version-history":[{"count":15,"href":"https:\/\/www.pulpmaster.de\/wp\/wp-json\/wp\/v2\/pages\/669\/revisions"}],"predecessor-version":[{"id":1591,"href":"https:\/\/www.pulpmaster.de\/wp\/wp-json\/wp\/v2\/pages\/669\/revisions\/1591"}],"wp:featuredmedia":[{"embeddable":true,"href":"https:\/\/www.pulpmaster.de\/wp\/wp-json\/wp\/v2\/media\/1598"}],"wp:attachment":[{"href":"https:\/\/www.pulpmaster.de\/wp\/wp-json\/wp\/v2\/media?parent=669"}],"curies":[{"name":"wp","href":"https:\/\/api.w.org\/{rel}","templated":true}]}}